{"id":2710,"date":"2021-04-18T19:32:21","date_gmt":"2021-04-18T17:32:21","guid":{"rendered":"https:\/\/www.paulschoice.be\/?page_id=2710"},"modified":"2021-04-18T19:32:21","modified_gmt":"2021-04-18T17:32:21","slug":"sw-marques-de-vizhoja","status":"publish","type":"page","link":"https:\/\/www.paulschoice.be\/?page_id=2710","title":{"rendered":"SW Marques de Vizhoja"},"content":{"rendered":"\n<table id=\"tablepress-90\" class=\"tablepress tablepress-id-90\">\n<tbody>\n<tr class=\"row-1\">\n\t<td class=\"column-1\">MARQU\u00c9S DE VIZHOJA <\/td><td class=\"column-2\"><\/td>\n<\/tr>\n<tr class=\"row-2\">\n\t<td class=\"column-1\">Herkomst\/ land:<\/td><td class=\"column-2\">Spanje<\/td>\n<\/tr>\n<tr class=\"row-3\">\n\t<td class=\"column-1\">Appellatie:<\/td><td class=\"column-2\">Galici\u00eb - Rias Baixas<\/td>\n<\/tr>\n<tr class=\"row-4\">\n\t<td class=\"column-1\">Productieregio:<\/td><td class=\"column-2\">Finca La Moreira in Arbo - Pontevedra<\/td>\n<\/tr>\n<tr class=\"row-5\">\n\t<td class=\"column-1\">Wijnhuis:<\/td><td class=\"column-2\">Bodegas Marqu\u00e9s de Vizhoja<\/td>\n<\/tr>\n<tr class=\"row-6\">\n\t<td class=\"column-1\">Klimaat:<\/td><td class=\"column-2\">Atlantische klimaat met natte winters en zeemist. <\/td>\n<\/tr>\n<tr class=\"row-7\">\n\t<td class=\"column-1\">Neerslag:<\/td><td class=\"column-2\">1.600\/ 1.800 mm <\/td>\n<\/tr>\n<tr class=\"row-8\">\n\t<td class=\"column-1\">Bodemtype: <\/td><td class=\"column-2\">Graniet, met kwarts, leisteen<\/td>\n<\/tr>\n<tr class=\"row-9\">\n\t<td class=\"column-1\">Hoogte:<\/td><td class=\"column-2\">100 tot 300 meter<\/td>\n<\/tr>\n<tr class=\"row-10\">\n\t<td class=\"column-1\">Druif: <\/td><td class=\"column-2\">Loureira blanca,Treixadura, Albari\u00f1o<\/td>\n<\/tr>\n<tr class=\"row-11\">\n\t<td class=\"column-1\">Volume alcohol:<\/td><td class=\"column-2\">0.115<\/td>\n<\/tr>\n<tr class=\"row-12\">\n\t<td class=\"column-1\">Jaar:<\/td><td class=\"column-2\"><\/td>\n<\/tr>\n<tr class=\"row-13\">\n\t<td class=\"column-1\">Stop:<\/td><td class=\"column-2\"><\/td>\n<\/tr>\n<tr class=\"row-14\">\n\t<td class=\"column-1\">Verpakt per:<\/td><td class=\"column-2\">Doos 5 flessen<\/td>\n<\/tr>\n<tr class=\"row-15\">\n\t<td class=\"column-1\">Onderscheidingen: <\/td><td class=\"column-2\">87 punten en 4 sterren in Gu\u00eda Pe\u00f1\u00edn, <br \/>\nSilver medal in the Best Of Spain Wine Challenge,<br \/>\nGold medal at the International Awards Virtus<\/td>\n<\/tr>\n<tr class=\"row-16\">\n\t<td class=\"column-1\">Schenken tussen:<\/td><td class=\"column-2\">6 \u00e0 8\u00b0C.<\/td>\n<\/tr>\n<tr class=\"row-17\">\n\t<td class=\"column-1\">Bewaren\/ drinken:<\/td><td class=\"column-2\">Nu drinken kan 2 jaar bewaren <\/td>\n<\/tr>\n<tr class=\"row-18\">\n\t<td class=\"column-1\">Zien:<\/td><td class=\"column-2\">Strogeel met groene tinten<\/td>\n<\/tr>\n<tr class=\"row-19\">\n\t<td class=\"column-1\">Neus:<\/td><td class=\"column-2\">Wit fruit, witte bloemen, gekonfijte vruchten,<\/td>\n<\/tr>\n<tr class=\"row-20\">\n\t<td class=\"column-1\">Smaak:<\/td><td class=\"column-2\">Witte vruchten, noten, aangename zuren, goede afdronk<\/td>\n<\/tr>\n<tr class=\"row-21\">\n\t<td class=\"column-1\">Gastronomie: <\/td><td class=\"column-2\">Als aperitief, slaatjes, asperges op Vlaamse wijze,  gebakken vis, kipgerechten, varkensvlees <\/td>\n<\/tr>\n<tr class=\"row-22\">\n\t<td class=\"column-1\"><img data-recalc-dims=\"1\" loading=\"lazy\" decoding=\"async\" src=\"https:\/\/i0.wp.com\/www.paulschoice.be\/wp-content\/uploads\/2021\/04\/SW-Marques-de-Vizhoja.jpg?resize=101%2C300&#038;ssl=1\" alt=\"\" width=\"101\" height=\"300\" class=\"alignnone size-medium wp-image-2707\" srcset=\"https:\/\/i0.wp.com\/www.paulschoice.be\/wp-content\/uploads\/2021\/04\/SW-Marques-de-Vizhoja.jpg?resize=101%2C300&amp;ssl=1 101w, https:\/\/i0.wp.com\/www.paulschoice.be\/wp-content\/uploads\/2021\/04\/SW-Marques-de-Vizhoja.jpg?resize=345%2C1024&amp;ssl=1 345w, https:\/\/i0.wp.com\/www.paulschoice.be\/wp-content\/uploads\/2021\/04\/SW-Marques-de-Vizhoja.jpg?w=427&amp;ssl=1 427w\" sizes=\"auto, (max-width: 101px) 100vw, 101px\" \/><\/td><td class=\"column-2\"><\/td>\n<\/tr>\n<tr class=\"row-23\">\n\t<td class=\"column-1\"><img data-recalc-dims=\"1\" loading=\"lazy\" decoding=\"async\" src=\"https:\/\/i0.wp.com\/www.paulschoice.be\/wp-content\/uploads\/2021\/01\/word-image-1.jpeg?resize=300%2C66&#038;ssl=1\" alt=\"\" width=\"300\" height=\"66\" class=\"alignnone size-medium wp-image-2673\" srcset=\"https:\/\/i0.wp.com\/www.paulschoice.be\/wp-content\/uploads\/2021\/01\/word-image-1.jpeg?resize=300%2C66&amp;ssl=1 300w, https:\/\/i0.wp.com\/www.paulschoice.be\/wp-content\/uploads\/2021\/01\/word-image-1.jpeg?w=392&amp;ssl=1 392w\" sizes=\"auto, (max-width: 300px) 100vw, 300px\" \/><\/td><td class=\"column-2\"><\/td>\n<\/tr>\n<\/tbody>\n<\/table>\n<!-- #tablepress-90 from cache -->\n","protected":false},"excerpt":{"rendered":"","protected":false},"author":1,"featured_media":0,"parent":994,"menu_order":0,"comment_status":"closed","ping_status":"closed","template":"","meta":{"footnotes":""},"class_list":["post-2710","page","type-page","status-publish","hentry"],"jetpack_sharing_enabled":true,"_links":{"self":[{"href":"https:\/\/www.paulschoice.be\/index.php?rest_route=\/wp\/v2\/pages\/2710","targetHints":{"allow":["GET"]}}],"collection":[{"href":"https:\/\/www.paulschoice.be\/index.php?rest_route=\/wp\/v2\/pages"}],"about":[{"href":"https:\/\/www.paulschoice.be\/index.php?rest_route=\/wp\/v2\/types\/page"}],"author":[{"embeddable":true,"href":"https:\/\/www.paulschoice.be\/index.php?rest_route=\/wp\/v2\/users\/1"}],"replies":[{"embeddable":true,"href":"https:\/\/www.paulschoice.be\/index.php?rest_route=%2Fwp%2Fv2%2Fcomments&post=2710"}],"version-history":[{"count":1,"href":"https:\/\/www.paulschoice.be\/index.php?rest_route=\/wp\/v2\/pages\/2710\/revisions"}],"predecessor-version":[{"id":2711,"href":"https:\/\/www.paulschoice.be\/index.php?rest_route=\/wp\/v2\/pages\/2710\/revisions\/2711"}],"up":[{"embeddable":true,"href":"https:\/\/www.paulschoice.be\/index.php?rest_route=\/wp\/v2\/pages\/994"}],"wp:attachment":[{"href":"https:\/\/www.paulschoice.be\/index.php?rest_route=%2Fwp%2Fv2%2Fmedia&parent=2710"}],"curies":[{"name":"wp","href":"https:\/\/api.w.org\/{rel}","templated":true}]}}